{"id":251,"date":"2020-08-19T02:08:37","date_gmt":"2020-08-19T02:08:37","guid":{"rendered":"https:\/\/seawolfexpeditions.com\/fr\/?page_id=251"},"modified":"2023-03-25T00:26:04","modified_gmt":"2023-03-25T00:26:04","slug":"reservation","status":"publish","type":"page","link":"https:\/\/seawolfexpeditions.com\/fr\/reservation\/","title":{"rendered":"R\u00e9servation"},"content":{"rendered":"<p><div class=\"fusion-fullwidth fullwidth-box fusion-builder-row-1 fusion-parallax-none nonhundred-percent-fullwidth non-hundred-percent-height-scrolling\" style=\"background-color: rgba(255,255,255,0);background-image: url(&quot;https:\/\/seawolfexpeditions.com\/fr\/wp-content\/uploads\/2022\/10\/booking.jpg&quot;);background-position: center bottom;background-repeat: no-repeat;background-blend-mode: darken;padding-top:0px;padding-right:0px;padding-bottom:0px;padding-left:0px;margin-bottom: 0px;margin-top: 0px;border-width: 0px 0px 0px 0px;border-color:#eae9e9;border-style:solid;-webkit-background-size:cover;-moz-background-size:cover;-o-background-size:cover;background-size:cover;min-height:550px;\" ><div class=\"fusion-builder-row fusion-row\"><div class=\"fusion-layout-column fusion_builder_column fusion-builder-column-0 fusion_builder_column_1_1 1_1 fusion-one-full fusion-column-first fusion-column-last center\" style=\"margin-top:0px;margin-bottom:20px;\"><div class=\"fusion-column-wrapper fusion-flex-column-wrapper-legacy\" style=\"background-position:left top;background-repeat:no-repeat;-webkit-background-size:cover;-moz-background-size:cover;-o-background-size:cover;background-size:cover;padding: 110px 0px 0px 0px;\"><div class=\"fusion-column-content-centered\"><div class=\"fusion-column-content\"><style type=\"text\/css\"><\/style><div class=\"fusion-title title fusion-title-1 fusion-sep-none fusion-title-center fusion-title-text fusion-title-size-two\" style=\"font-size:50px;margin-top:0px;margin-right:0px;margin-bottom:31px;margin-left:0px;\"><h2 class=\"title-heading-center\" style=\"margin:0;font-size:1em;line-height:1;color:#ffffff;\"><img decoding=\"async\" class=\"alignnone size-full wp-image-131\" src=\"https:\/\/seawolfexpeditions.com\/fr\/wp-content\/uploads\/2020\/07\/SeaWolf-title.png\" alt=\"\" width=\"929\" height=\"249\" srcset=\"https:\/\/seawolfexpeditions.com\/fr\/wp-content\/uploads\/2020\/07\/SeaWolf-title-200x54.png 200w, https:\/\/seawolfexpeditions.com\/fr\/wp-content\/uploads\/2020\/07\/SeaWolf-title-300x80.png 300w, https:\/\/seawolfexpeditions.com\/fr\/wp-content\/uploads\/2020\/07\/SeaWolf-title-400x107.png 400w, https:\/\/seawolfexpeditions.com\/fr\/wp-content\/uploads\/2020\/07\/SeaWolf-title-600x161.png 600w, https:\/\/seawolfexpeditions.com\/fr\/wp-content\/uploads\/2020\/07\/SeaWolf-title-768x206.png 768w, https:\/\/seawolfexpeditions.com\/fr\/wp-content\/uploads\/2020\/07\/SeaWolf-title-800x214.png 800w, https:\/\/seawolfexpeditions.com\/fr\/wp-content\/uploads\/2020\/07\/SeaWolf-title.png 929w\" sizes=\"(max-width: 929px) 100vw, 929px\" \/><\/h2><\/div><\/div><\/div><div class=\"fusion-clearfix\"><\/div><\/div><\/div><\/div><\/div><div class=\"fusion-fullwidth fullwidth-box fusion-builder-row-2 nonhundred-percent-fullwidth non-hundred-percent-height-scrolling\" style=\"background-color: rgba(255,255,255,0);background-position: center center;background-repeat: no-repeat;padding-top:0px;padding-right:5%;padding-bottom:5%;padding-left:5%;margin-bottom: 0px;margin-top: 0px;border-width: 0px 0px 0px 0px;border-color:#eae9e9;border-style:solid;\" ><div class=\"fusion-builder-row fusion-row\"><div class=\"fusion-layout-column fusion_builder_column fusion-builder-column-1 fusion_builder_column_1_1 1_1 fusion-one-full fusion-column-first fusion-column-last\" style=\"margin-top:0px;margin-bottom:20px;\"><div class=\"fusion-column-wrapper fusion-flex-column-wrapper-legacy\" style=\"background-position:left top;background-repeat:no-repeat;-webkit-background-size:cover;-moz-background-size:cover;-o-background-size:cover;background-size:cover;padding: 80px 0px 0px 0px;\"><div class=\"fusion-text fusion-text-1 center\"><h2>Enqu\u00eate sur la charte SeaWolf<\/h2>\n<\/div><form method=\"post\" enctype=\"multipart\/form-data\" id=\"vfbp-form-2\" class=\"vfbp-form\"><div style=\"display:none;\"><label for=\"vfbp-EMAIL-AN8fuQyoDLXem\">If you are human, leave this field blank.<\/label><input size=\"25\" autocomplete=\"off\" type=\"text\" name=\"vfbp-EMAIL-AN8fuQyoDLXem\" value=\"\" id=\"\"><\/div><input type=\"hidden\" name=\"_vfb-timestamp-2\" value=\"1778070591\" id=\"\"><input type=\"hidden\" name=\"_vfb-form-id\" value=\"2\" id=\"\"><div class=\"vfb-col-12 vfb-fieldType-instructions\" id=\"vfbField8\"><div class=\"vfb-form-group\"><label for=\"vfb-field-8\" class=\"vfb-control-label\">D\u00e9tails<\/label><div class=\"\"><p>Nom du Yacht: SeaWolf<br \/>\nTYPE: Bateau \u00e0 moteur<br \/>\nLe port d&#8217;enregistrement: Papeete<br \/>\nDrapeau: Fran\u00e7ais<br \/>\nLongueur: 14.9m<\/p>\n<\/div><\/div><\/div><div class=\"vfb-clearfix\"><\/div><div class=\"vfb-col-6 vfb-fieldType-text\" id=\"vfbField9\"><div class=\"vfb-form-group\"><label for=\"vfb-field-9\" class=\"vfb-control-label\">Nom de l'affr\u00e9teur <span class=\"vfb-required-asterisk\">*<\/span><\/label><div><input id=\"vfb-field-9\" class=\"vfb-form-control\" placeholder=\"\" required=\"required\" type=\"text\" name=\"vfb-field-9\" value=\"\"><\/div><\/div><\/div><div class=\"vfb-col-6 vfb-fieldType-email\" id=\"vfbField11\"><div class=\"vfb-form-group\"><label for=\"vfb-field-11\" class=\"vfb-control-label\">Email <span class=\"vfb-required-asterisk\">*<\/span><\/label><div><input id=\"vfb-field-11\" class=\"vfb-form-control\" placeholder=\"\" required=\"required\" type=\"email\" name=\"vfb-field-11\" value=\"\"><\/div><\/div><\/div><div class=\"vfb-clearfix\"><\/div><div class=\"vfb-col-12 vfb-fieldType-textarea\" id=\"vfbField10\"><div class=\"vfb-form-group\"><label for=\"vfb-field-10\" class=\"vfb-control-label\">Adresse <span class=\"vfb-required-asterisk\">*<\/span><\/label><div><textarea id=\"vfb-field-10\" class=\"vfb-form-control\" placeholder=\"\" required=\"required\" rows=\"5\" name=\"vfb-field-10\" cols=\"50\"><\/textarea><\/div><\/div><\/div><div class=\"vfb-clearfix\"><\/div><div class=\"vfb-col-6 vfb-fieldType-phone\" id=\"vfbField12\"><div class=\"vfb-form-group\"><label for=\"vfb-field-12\" class=\"vfb-control-label\">T\u00e9l\u00e9phone <span class=\"vfb-required-asterisk\">*<\/span><\/label><div><input id=\"vfb-field-12\" class=\"vfb-form-control vfb-intl-phone\" placeholder=\"\" required=\"required\" type=\"tel\" name=\"vfb-field-12\" value=\"\"><\/div><\/div><\/div><div class=\"vfb-col-6 vfb-fieldType-text\" id=\"vfbField13\"><div class=\"vfb-form-group\"><label for=\"vfb-field-13\" class=\"vfb-control-label\">Nom de l'Hotel<\/label><div><input id=\"vfb-field-13\" class=\"vfb-form-control\" placeholder=\"\" type=\"text\" name=\"vfb-field-13\" value=\"\"><\/div><\/div><\/div><div class=\"vfb-clearfix\"><\/div><div class=\"vfb-form-group vfb-col-12\"><div><div class=\"\">D\u00e9tails de la charte:<\/div><\/div><\/div><div class=\"vfb-col-12 vfb-fieldType-heading\" id=\"vfbField14\"><\/div><div class=\"vfb-clearfix\"><\/div><div class=\"vfb-col-12 vfb-fieldType-instructions\" id=\"vfbField17\"><div class=\"vfb-form-group\"><label for=\"vfb-field-17\" class=\"vfb-control-label\">P\u00e9riode de la location - Dates et lieux<\/label><div class=\"\"><\/div><\/div><\/div><div class=\"vfb-clearfix\"><\/div><div class=\"vfb-col-6 vfb-fieldType-date\" id=\"vfbField15\"><div class=\"vfb-form-group\"><label for=\"vfb-field-15\" class=\"vfb-control-label\">Date de d\u00e9but <span class=\"vfb-required-asterisk\">*<\/span><\/label><div><input id=\"vfb-field-15\" class=\"vfb-form-control\" placeholder=\"\" required=\"required\" data-provide=\"datepicker\" type=\"text\" name=\"vfb-field-15\" value=\"\"><\/div><\/div><\/div><div class=\"vfb-col-6 vfb-fieldType-date\" id=\"vfbField16\"><div class=\"vfb-form-group\"><label for=\"vfb-field-16\" class=\"vfb-control-label\">Date de fin <span class=\"vfb-required-asterisk\">*<\/span><\/label><div><input id=\"vfb-field-16\" class=\"vfb-form-control\" placeholder=\"\" required=\"required\" data-provide=\"datepicker\" type=\"text\" name=\"vfb-field-16\" value=\"\"><\/div><\/div><\/div><div class=\"vfb-clearfix\"><\/div><div class=\"vfb-col-6 vfb-fieldType-select\" id=\"vfbField18\"><label for=\"vfb-field-18\" class=\"vfb-control-label\">\u00cele de livraison <span class=\"vfb-required-asterisk\">*<\/span><\/label><div><div class=\"vfb-form-group\"><select id=\"vfb-field-18\" class=\"vfb-form-control\" placeholder=\"\" required=\"required\" name=\"vfb-field-18\"><option value=\"Tahiti\">Tahiti<\/option><option value=\"Moorea\">Moorea<\/option><option value=\"Teitaroa\">Teitaroa<\/option><option value=\"Huahine\">Huahine<\/option><option value=\"Raiatea\">Raiatea<\/option><option value=\"Bora Bora\">Bora Bora<\/option><option value=\"Maupity\">Maupity<\/option><option value=\"Rangiroa\">Rangiroa<\/option><option value=\"Fakarava\">Fakarava<\/option><option value=\"Nuku Hiva\">Nuku Hiva<\/option><option value=\"Hiva Oa\">Hiva Oa<\/option><option value=\"Raivavae\">Raivavae<\/option><option value=\"Tubuai\">Tubuai<\/option><option value=\"Rurutu\">Rurutu<\/option><option value=\"Rikitea\">Rikitea<\/option><option value=\"Autre\">Autre<\/option><\/select><\/div><\/div><\/div><div class=\"vfb-col-6 vfb-fieldType-select\" id=\"vfbField19\"><label for=\"vfb-field-19\" class=\"vfb-control-label\">\u00cele de re-livraison <span class=\"vfb-required-asterisk\">*<\/span><\/label><div><div class=\"vfb-form-group\"><select id=\"vfb-field-19\" class=\"vfb-form-control\" placeholder=\"\" required=\"required\" name=\"vfb-field-19\"><option value=\"Tahiti\">Tahiti<\/option><option value=\"Moorea\">Moorea<\/option><option value=\"Teitaroa\">Teitaroa<\/option><option value=\"Huahine\">Huahine<\/option><option value=\"Raiatea\">Raiatea<\/option><option value=\"Bora Bora\">Bora Bora<\/option><option value=\"Maupity\">Maupity<\/option><option value=\"Rangiroa\">Rangiroa<\/option><option value=\"Fakarava\">Fakarava<\/option><option value=\"Nuku Hiva\">Nuku Hiva<\/option><option value=\"Hiva Oa\">Hiva Oa<\/option><option value=\"Raivavae\">Raivavae<\/option><option value=\"Tubuai\">Tubuai<\/option><option value=\"Rurutu\">Rurutu<\/option><option value=\"Rikitea\">Rikitea<\/option><option value=\"Autre\">Autre<\/option><\/select><\/div><\/div><\/div><div class=\"vfb-clearfix\"><\/div><div class=\"vfb-col-12 vfb-fieldType-instructions\" id=\"vfbField23\"><div class=\"vfb-form-group\"><label for=\"vfb-field-23\" class=\"vfb-control-label\">Nombre d'invit\u00e9s<\/label><div class=\"\"><p>Nombre maximum de personnes dormant (4), croisi\u00e8re (12). Veuillez noter que les enfants \u00e2g\u00e9s de 12 ans ou plus sont consid\u00e9r\u00e9s comme des adultes.<\/p>\n<\/div><\/div><\/div><div class=\"vfb-clearfix\"><\/div><div class=\"vfb-col-6 vfb-fieldType-number\" id=\"vfbField22\"><div class=\"vfb-form-group\"><label for=\"vfb-field-22\" class=\"vfb-control-label\">Nombre d'invit\u00e9s adultes<\/label><div><input id=\"vfb-field-22\" class=\"vfb-form-control\" placeholder=\"\" type=\"number\" name=\"vfb-field-22\" value=\"\"><\/div><\/div><\/div><div class=\"vfb-col-6 vfb-fieldType-number\" id=\"vfbField24\"><div class=\"vfb-form-group\"><label for=\"vfb-field-24\" class=\"vfb-control-label\">Nombre d'enfants (moins de 12 ans)<\/label><div><input id=\"vfb-field-24\" class=\"vfb-form-control\" placeholder=\"\" type=\"number\" name=\"vfb-field-24\" value=\"\"><\/div><\/div><\/div><div class=\"vfb-clearfix\"><\/div><div class=\"vfb-form-group vfb-col-12\"><div><div class=\"\">Conditions sp\u00e9ciales ou demandes:<\/div><\/div><\/div><div class=\"vfb-col-12 vfb-fieldType-heading\" id=\"vfbField30\"><\/div><div class=\"vfb-clearfix\"><\/div><div class=\"vfb-col-12 vfb-fieldType-textarea\" id=\"vfbField27\"><div class=\"vfb-form-group\"><label for=\"vfb-field-27\" class=\"vfb-control-label\">Votre message<\/label><div><textarea id=\"vfb-field-27\" class=\"vfb-form-control\" placeholder=\"\" rows=\"6\" name=\"vfb-field-27\" cols=\"50\"><\/textarea><\/div><\/div><\/div><div class=\"vfb-clearfix\"><\/div><div class=\"vfb-col-12 vfb-fieldType-checkbox\" id=\"vfbField32\"><label for=\"vfb-field-32\" class=\"vfb-control-label\">Termes <span class=\"vfb-required-asterisk\">*<\/span><\/label><div><div class=\"vfb-checkbox\"><label><input id=\"vfb-field-32-0\" class=\"\" placeholder=\"\" data-vfb-multiple=\"vfb-field-32\" required=\"required\" type=\"checkbox\" name=\"vfb-field-32[0]\" value=\"1\">je suis d'accord<\/label><\/div><span class=\"vfb-help-block\">Veuillez lire notre <a href=\"https:\/\/seawolfexpeditions.com\/fr\/wp-content\/uploads\/2026\/01\/SEAWOLF_2026_DEFINIIVE_POUR-TF.pdf\" target=\"_blank\" rel=\"noopener\">conditions de l'accord de charte<\/a> et cochez la case ci-dessous pour confirmer.<\/span><\/div><\/div><div class=\"vfb-clearfix\"><\/div><div class=\"vfb-col-12 vfb-fieldType-captcha\" id=\"vfbField28\"><div class=\"vfb-form-group\"><label for=\"vfb-field-28\" class=\"vfb-control-label\">Captcha <span class=\"vfb-required-asterisk\">*<\/span><\/label><div><div><\/div><input type=\"hidden\" name=\"_vfb_captcha_simple_enabled\" value=\"1\" id=\"\"><input id=\"vfb-field-28\" class=\"vfb-form-control\" placeholder=\"\" required=\"required\" data-vfb-required=\"1\" data-vfb-type=\"integer\" data-vfb-minlength=\"2\" data-vfb-maxlength=\"2\" type=\"text\" name=\"_vfb_captcha_simple-2\" value=\"\"><span class=\"vfb-help-block\">For security verification, please enter any random two digit number. For example: 17<\/span><\/div><\/div><\/div><div class=\"vfb-clearfix\"><\/div><div class=\"vfb-col-12 vfb-fieldType-submit\" id=\"vfbField29\"><button id=\"vfb-field-29\" class=\" btn btn-primary\" placeholder=\"\" type=\"submit\" name=\"_vfb-submit\">Envoyer<\/button><\/div><div class=\"vfb-clearfix\"><\/div><\/form><div class=\"fusion-clearfix\"><\/div><\/div><\/div><\/div><\/div><div class=\"fusion-fullwidth fullwidth-box fusion-builder-row-3 nonhundred-percent-fullwidth non-hundred-percent-height-scrolling\" style=\"background-color: rgba(255,255,255,0);background-position: center center;background-repeat: no-repeat;padding-top:0px;padding-right:0px;padding-bottom:75px;padding-left:0px;margin-bottom: 0px;margin-top: 0px;border-width: 0px 0px 0px 0px;border-color:#eae9e9;border-style:solid;\" ><div class=\"fusion-builder-row fusion-row\"><div class=\"fusion-layout-column fusion_builder_column fusion-builder-column-2 fusion_builder_column_1_3 1_3 fusion-one-third fusion-column-first\" style=\"width:33.333333333333%;width:calc(33.333333333333% - ( ( 20px + 20px ) * 0.33333333333333 ) );margin-right: 20px;margin-top:0px;margin-bottom:20px;\"><div class=\"fusion-column-wrapper fusion-flex-column-wrapper-legacy\" style=\"background-position:left top;background-repeat:no-repeat;-webkit-background-size:cover;-moz-background-size:cover;-o-background-size:cover;background-size:cover;padding: 0px 0px 0px 0px;\"><span class=\" fusion-imageframe imageframe-none imageframe-1 hover-type-none\"><img decoding=\"async\" width=\"500\" height=\"333\" title=\"turtle\" src=\"https:\/\/seawolfexpeditions.com\/fr\/wp-content\/uploads\/2023\/03\/turtle.jpg\" class=\"img-responsive wp-image-427\" srcset=\"https:\/\/seawolfexpeditions.com\/fr\/wp-content\/uploads\/2023\/03\/turtle-200x133.jpg 200w, https:\/\/seawolfexpeditions.com\/fr\/wp-content\/uploads\/2023\/03\/turtle-400x266.jpg 400w, https:\/\/seawolfexpeditions.com\/fr\/wp-content\/uploads\/2023\/03\/turtle.jpg 500w\" sizes=\"(max-width: 1000px) 100vw, 400px\" \/><\/span><div class=\"fusion-clearfix\"><\/div><\/div><\/div><div class=\"fusion-layout-column fusion_builder_column fusion-builder-column-3 fusion_builder_column_1_3 1_3 fusion-one-third\" style=\"width:33.333333333333%;width:calc(33.333333333333% - ( ( 20px + 20px ) * 0.33333333333333 ) );margin-right: 20px;margin-top:0px;margin-bottom:20px;\"><div class=\"fusion-column-wrapper fusion-flex-column-wrapper-legacy\" style=\"background-position:left top;background-repeat:no-repeat;-webkit-background-size:cover;-moz-background-size:cover;-o-background-size:cover;background-size:cover;padding: 0px 0px 0px 0px;\"><span class=\" fusion-imageframe imageframe-none imageframe-2 hover-type-none\"><img decoding=\"async\" width=\"500\" height=\"333\" title=\"food\" src=\"https:\/\/seawolfexpeditions.com\/fr\/wp-content\/uploads\/2023\/03\/food.jpg\" class=\"img-responsive wp-image-420\" srcset=\"https:\/\/seawolfexpeditions.com\/fr\/wp-content\/uploads\/2023\/03\/food-200x133.jpg 200w, https:\/\/seawolfexpeditions.com\/fr\/wp-content\/uploads\/2023\/03\/food-400x266.jpg 400w, https:\/\/seawolfexpeditions.com\/fr\/wp-content\/uploads\/2023\/03\/food.jpg 500w\" sizes=\"(max-width: 1000px) 100vw, 400px\" \/><\/span><div class=\"fusion-clearfix\"><\/div><\/div><\/div><div class=\"fusion-layout-column fusion_builder_column fusion-builder-column-4 fusion_builder_column_1_3 1_3 fusion-one-third fusion-column-last\" style=\"width:33.333333333333%;width:calc(33.333333333333% - ( ( 20px + 20px ) * 0.33333333333333 ) );margin-top:0px;margin-bottom:20px;\"><div class=\"fusion-column-wrapper fusion-flex-column-wrapper-legacy\" style=\"background-position:left top;background-repeat:no-repeat;-webkit-background-size:cover;-moz-background-size:cover;-o-background-size:cover;background-size:cover;padding: 0px 0px 0px 0px;\"><span class=\" fusion-imageframe imageframe-none imageframe-3 hover-type-none\"><img decoding=\"async\" width=\"500\" height=\"333\" title=\"Seawolf1\" src=\"https:\/\/seawolfexpeditions.com\/fr\/wp-content\/uploads\/2023\/03\/Seawolf1.jpg\" class=\"img-responsive wp-image-425\" srcset=\"https:\/\/seawolfexpeditions.com\/fr\/wp-content\/uploads\/2023\/03\/Seawolf1-200x133.jpg 200w, https:\/\/seawolfexpeditions.com\/fr\/wp-content\/uploads\/2023\/03\/Seawolf1-400x266.jpg 400w, https:\/\/seawolfexpeditions.com\/fr\/wp-content\/uploads\/2023\/03\/Seawolf1.jpg 500w\" sizes=\"(max-width: 1000px) 100vw, 400px\" \/><\/span><div class=\"fusion-clearfix\"><\/div><\/div><\/div><\/div><\/div><\/p>\n","protected":false},"excerpt":{"rendered":"","protected":false},"author":1,"featured_media":0,"parent":0,"menu_order":0,"comment_status":"closed","ping_status":"closed","template":"100-width.php","meta":{"footnotes":""},"class_list":["post-251","page","type-page","status-publish","hentry"],"yoast_head":"<!-- This site is optimized with the Yoast SEO plugin v27.5 - https:\/\/yoast.com\/product\/yoast-seo-wordpress\/ -->\n<title>R\u00e9servation - Seawolf Expeditions<\/title>\n<meta name=\"robots\" content=\"index, follow, max-snippet:-1, max-image-preview:large, max-video-preview:-1\" \/>\n<link rel=\"canonical\" href=\"https:\/\/seawolfexpeditions.com\/fr\/reservation\/\" \/>\n<meta property=\"og:locale\" content=\"en_US\" \/>\n<meta property=\"og:type\" content=\"article\" \/>\n<meta property=\"og:title\" content=\"R\u00e9servation - Seawolf Expeditions\" \/>\n<meta property=\"og:url\" content=\"https:\/\/seawolfexpeditions.com\/fr\/reservation\/\" \/>\n<meta property=\"og:site_name\" content=\"Seawolf Expeditions\" \/>\n<meta property=\"article:modified_time\" content=\"2023-03-25T00:26:04+00:00\" \/>\n<meta property=\"og:image\" content=\"https:\/\/seawolfexpeditions.com\/fr\/wp-content\/uploads\/2020\/07\/SeaWolf-title.png\" \/>\n<meta name=\"twitter:card\" content=\"summary_large_image\" \/>\n<meta name=\"twitter:label1\" content=\"Est. reading time\" \/>\n\t<meta name=\"twitter:data1\" content=\"5 minutes\" \/>\n<script type=\"application\/ld+json\" class=\"yoast-schema-graph\">{\"@context\":\"https:\\\/\\\/schema.org\",\"@graph\":[{\"@type\":\"WebPage\",\"@id\":\"https:\\\/\\\/seawolfexpeditions.com\\\/fr\\\/reservation\\\/\",\"url\":\"https:\\\/\\\/seawolfexpeditions.com\\\/fr\\\/reservation\\\/\",\"name\":\"R\u00e9servation - Seawolf Expeditions\",\"isPartOf\":{\"@id\":\"https:\\\/\\\/seawolfexpeditions.com\\\/fr\\\/#website\"},\"primaryImageOfPage\":{\"@id\":\"https:\\\/\\\/seawolfexpeditions.com\\\/fr\\\/reservation\\\/#primaryimage\"},\"image\":{\"@id\":\"https:\\\/\\\/seawolfexpeditions.com\\\/fr\\\/reservation\\\/#primaryimage\"},\"thumbnailUrl\":\"https:\\\/\\\/seawolfexpeditions.com\\\/fr\\\/wp-content\\\/uploads\\\/2020\\\/07\\\/SeaWolf-title.png\",\"datePublished\":\"2020-08-19T02:08:37+00:00\",\"dateModified\":\"2023-03-25T00:26:04+00:00\",\"breadcrumb\":{\"@id\":\"https:\\\/\\\/seawolfexpeditions.com\\\/fr\\\/reservation\\\/#breadcrumb\"},\"inLanguage\":\"en-NZ\",\"potentialAction\":[{\"@type\":\"ReadAction\",\"target\":[\"https:\\\/\\\/seawolfexpeditions.com\\\/fr\\\/reservation\\\/\"]}]},{\"@type\":\"ImageObject\",\"inLanguage\":\"en-NZ\",\"@id\":\"https:\\\/\\\/seawolfexpeditions.com\\\/fr\\\/reservation\\\/#primaryimage\",\"url\":\"https:\\\/\\\/seawolfexpeditions.com\\\/fr\\\/wp-content\\\/uploads\\\/2020\\\/07\\\/SeaWolf-title.png\",\"contentUrl\":\"https:\\\/\\\/seawolfexpeditions.com\\\/fr\\\/wp-content\\\/uploads\\\/2020\\\/07\\\/SeaWolf-title.png\"},{\"@type\":\"BreadcrumbList\",\"@id\":\"https:\\\/\\\/seawolfexpeditions.com\\\/fr\\\/reservation\\\/#breadcrumb\",\"itemListElement\":[{\"@type\":\"ListItem\",\"position\":1,\"name\":\"Home\",\"item\":\"https:\\\/\\\/seawolfexpeditions.com\\\/fr\\\/\"},{\"@type\":\"ListItem\",\"position\":2,\"name\":\"R\u00e9servation\"}]},{\"@type\":\"WebSite\",\"@id\":\"https:\\\/\\\/seawolfexpeditions.com\\\/fr\\\/#website\",\"url\":\"https:\\\/\\\/seawolfexpeditions.com\\\/fr\\\/\",\"name\":\"Seawolf Expeditions\",\"description\":\"Luxury boat holidays in Tahiti\",\"potentialAction\":[{\"@type\":\"SearchAction\",\"target\":{\"@type\":\"EntryPoint\",\"urlTemplate\":\"https:\\\/\\\/seawolfexpeditions.com\\\/fr\\\/?s={search_term_string}\"},\"query-input\":{\"@type\":\"PropertyValueSpecification\",\"valueRequired\":true,\"valueName\":\"search_term_string\"}}],\"inLanguage\":\"en-NZ\"}]}<\/script>\n<!-- \/ Yoast SEO plugin. -->","yoast_head_json":{"title":"R\u00e9servation - Seawolf Expeditions","robots":{"index":"index","follow":"follow","max-snippet":"max-snippet:-1","max-image-preview":"max-image-preview:large","max-video-preview":"max-video-preview:-1"},"canonical":"https:\/\/seawolfexpeditions.com\/fr\/reservation\/","og_locale":"en_US","og_type":"article","og_title":"R\u00e9servation - Seawolf Expeditions","og_url":"https:\/\/seawolfexpeditions.com\/fr\/reservation\/","og_site_name":"Seawolf Expeditions","article_modified_time":"2023-03-25T00:26:04+00:00","og_image":[{"url":"https:\/\/seawolfexpeditions.com\/fr\/wp-content\/uploads\/2020\/07\/SeaWolf-title.png","type":"","width":"","height":""}],"twitter_card":"summary_large_image","twitter_misc":{"Est. reading time":"5 minutes"},"schema":{"@context":"https:\/\/schema.org","@graph":[{"@type":"WebPage","@id":"https:\/\/seawolfexpeditions.com\/fr\/reservation\/","url":"https:\/\/seawolfexpeditions.com\/fr\/reservation\/","name":"R\u00e9servation - Seawolf Expeditions","isPartOf":{"@id":"https:\/\/seawolfexpeditions.com\/fr\/#website"},"primaryImageOfPage":{"@id":"https:\/\/seawolfexpeditions.com\/fr\/reservation\/#primaryimage"},"image":{"@id":"https:\/\/seawolfexpeditions.com\/fr\/reservation\/#primaryimage"},"thumbnailUrl":"https:\/\/seawolfexpeditions.com\/fr\/wp-content\/uploads\/2020\/07\/SeaWolf-title.png","datePublished":"2020-08-19T02:08:37+00:00","dateModified":"2023-03-25T00:26:04+00:00","breadcrumb":{"@id":"https:\/\/seawolfexpeditions.com\/fr\/reservation\/#breadcrumb"},"inLanguage":"en-NZ","potentialAction":[{"@type":"ReadAction","target":["https:\/\/seawolfexpeditions.com\/fr\/reservation\/"]}]},{"@type":"ImageObject","inLanguage":"en-NZ","@id":"https:\/\/seawolfexpeditions.com\/fr\/reservation\/#primaryimage","url":"https:\/\/seawolfexpeditions.com\/fr\/wp-content\/uploads\/2020\/07\/SeaWolf-title.png","contentUrl":"https:\/\/seawolfexpeditions.com\/fr\/wp-content\/uploads\/2020\/07\/SeaWolf-title.png"},{"@type":"BreadcrumbList","@id":"https:\/\/seawolfexpeditions.com\/fr\/reservation\/#breadcrumb","itemListElement":[{"@type":"ListItem","position":1,"name":"Home","item":"https:\/\/seawolfexpeditions.com\/fr\/"},{"@type":"ListItem","position":2,"name":"R\u00e9servation"}]},{"@type":"WebSite","@id":"https:\/\/seawolfexpeditions.com\/fr\/#website","url":"https:\/\/seawolfexpeditions.com\/fr\/","name":"Seawolf Expeditions","description":"Luxury boat holidays in Tahiti","potentialAction":[{"@type":"SearchAction","target":{"@type":"EntryPoint","urlTemplate":"https:\/\/seawolfexpeditions.com\/fr\/?s={search_term_string}"},"query-input":{"@type":"PropertyValueSpecification","valueRequired":true,"valueName":"search_term_string"}}],"inLanguage":"en-NZ"}]}},"_links":{"self":[{"href":"https:\/\/seawolfexpeditions.com\/fr\/wp-json\/wp\/v2\/pages\/251","targetHints":{"allow":["GET"]}}],"collection":[{"href":"https:\/\/seawolfexpeditions.com\/fr\/wp-json\/wp\/v2\/pages"}],"about":[{"href":"https:\/\/seawolfexpeditions.com\/fr\/wp-json\/wp\/v2\/types\/page"}],"author":[{"embeddable":true,"href":"https:\/\/seawolfexpeditions.com\/fr\/wp-json\/wp\/v2\/users\/1"}],"replies":[{"embeddable":true,"href":"https:\/\/seawolfexpeditions.com\/fr\/wp-json\/wp\/v2\/comments?post=251"}],"version-history":[{"count":11,"href":"https:\/\/seawolfexpeditions.com\/fr\/wp-json\/wp\/v2\/pages\/251\/revisions"}],"predecessor-version":[{"id":437,"href":"https:\/\/seawolfexpeditions.com\/fr\/wp-json\/wp\/v2\/pages\/251\/revisions\/437"}],"wp:attachment":[{"href":"https:\/\/seawolfexpeditions.com\/fr\/wp-json\/wp\/v2\/media?parent=251"}],"curies":[{"name":"wp","href":"https:\/\/api.w.org\/{rel}","templated":true}]}}