{"id":204,"date":"2020-07-27T10:07:18","date_gmt":"2020-07-27T10:07:18","guid":{"rendered":"https:\/\/seawolfexpeditions.com\/fr\/?page_id=204"},"modified":"2023-03-25T00:28:08","modified_gmt":"2023-03-25T00:28:08","slug":"contact","status":"publish","type":"page","link":"https:\/\/seawolfexpeditions.com\/fr\/contact\/","title":{"rendered":"Contact"},"content":{"rendered":"<p><div class=\"fusion-fullwidth fullwidth-box fusion-builder-row-1 fusion-parallax-none nonhundred-percent-fullwidth non-hundred-percent-height-scrolling\" style=\"background-color: rgba(255,255,255,0);background-image: url(&quot;https:\/\/seawolfexpeditions.com\/fr\/wp-content\/uploads\/2020\/08\/contact.jpg&quot;);background-position: center bottom;background-repeat: no-repeat;background-blend-mode: darken;padding-top:0px;padding-right:0px;padding-bottom:0px;padding-left:0px;margin-bottom: 0px;margin-top: 0px;border-width: 0px 0px 0px 0px;border-color:#eae9e9;border-style:solid;-webkit-background-size:cover;-moz-background-size:cover;-o-background-size:cover;background-size:cover;min-height:550px;\" ><div class=\"fusion-builder-row fusion-row\"><div class=\"fusion-layout-column fusion_builder_column fusion-builder-column-0 fusion_builder_column_1_1 1_1 fusion-one-full fusion-column-first fusion-column-last center\" style=\"margin-top:0px;margin-bottom:20px;\"><div class=\"fusion-column-wrapper fusion-flex-column-wrapper-legacy\" style=\"background-position:left top;background-repeat:no-repeat;-webkit-background-size:cover;-moz-background-size:cover;-o-background-size:cover;background-size:cover;padding: 110px 0px 0px 0px;\"><div class=\"fusion-column-content-centered\"><div class=\"fusion-column-content\"><style type=\"text\/css\"><\/style><div class=\"fusion-title title fusion-title-1 fusion-sep-none fusion-title-center fusion-title-text fusion-title-size-two\" style=\"font-size:50px;margin-top:0px;margin-right:0px;margin-bottom:31px;margin-left:0px;\"><h2 class=\"title-heading-center\" style=\"margin:0;font-size:1em;line-height:1;color:#ffffff;\"><img decoding=\"async\" class=\"alignnone size-full wp-image-131\" src=\"https:\/\/seawolfexpeditions.com\/fr\/wp-content\/uploads\/2020\/07\/SeaWolf-title.png\" alt=\"\" width=\"929\" height=\"249\" srcset=\"https:\/\/seawolfexpeditions.com\/fr\/wp-content\/uploads\/2020\/07\/SeaWolf-title-200x54.png 200w, https:\/\/seawolfexpeditions.com\/fr\/wp-content\/uploads\/2020\/07\/SeaWolf-title-300x80.png 300w, https:\/\/seawolfexpeditions.com\/fr\/wp-content\/uploads\/2020\/07\/SeaWolf-title-400x107.png 400w, https:\/\/seawolfexpeditions.com\/fr\/wp-content\/uploads\/2020\/07\/SeaWolf-title-600x161.png 600w, https:\/\/seawolfexpeditions.com\/fr\/wp-content\/uploads\/2020\/07\/SeaWolf-title-768x206.png 768w, https:\/\/seawolfexpeditions.com\/fr\/wp-content\/uploads\/2020\/07\/SeaWolf-title-800x214.png 800w, https:\/\/seawolfexpeditions.com\/fr\/wp-content\/uploads\/2020\/07\/SeaWolf-title.png 929w\" sizes=\"(max-width: 929px) 100vw, 929px\" \/><\/h2><\/div><div class=\"fusion-button-wrapper\"><style type=\"text\/css\">.fusion-button.button-1 {border-radius:0px;}<\/style><a class=\"fusion-button button-flat fusion-button-default-size button-default button-1 fusion-button-default-span fusion-button-default-type\" target=\"_self\" href=\"https:\/\/seawolfexpeditions.com\/fr\/reservation\/\"><span class=\"fusion-button-text\">Reserve maintenant<\/span><\/a><\/div><\/div><\/div><div class=\"fusion-clearfix\"><\/div><\/div><\/div><\/div><\/div><div class=\"fusion-fullwidth fullwidth-box fusion-builder-row-2 nonhundred-percent-fullwidth non-hundred-percent-height-scrolling\" style=\"background-color: rgba(255,255,255,0);background-position: center center;background-repeat: no-repeat;padding-top:73px;padding-right:0px;padding-bottom:50px;padding-left:0px;margin-bottom: 0px;margin-top: 0px;border-width: 0px 0px 0px 0px;border-color:#eae9e9;border-style:solid;\" ><div class=\"fusion-builder-row fusion-row\"><div class=\"fusion-layout-column fusion_builder_column fusion-builder-column-1 fusion_builder_column_1_1 1_1 fusion-one-full fusion-column-first fusion-column-last\" style=\"margin-top:0px;margin-bottom:20px;\"><div class=\"fusion-column-wrapper fusion-flex-column-wrapper-legacy\" style=\"background-position:left top;background-repeat:no-repeat;-webkit-background-size:cover;-moz-background-size:cover;-o-background-size:cover;background-size:cover;padding: 0px 0px 0px 0px;\"><div class=\"fusion-text fusion-text-1 center\"><p class=\"Body\">SeaWolf peut accueillir 4 personnes pendant la nuit et 12 pendant la journ\u00e9e. Veuillez utiliser le formulaire de contact ci-dessous et nous vous r\u00e9pondrons dans les plus brefs d\u00e9lais.<\/p>\n<p>Alternativement, vous pouvez nous contacter par email <strong><a href=\"mailto:info@seawolfexpeditions.com\">info@seawolfexpeditions.com<\/a> <\/strong>ou par t\u00e9l\u00e9phone <strong>+689 87 28 0002<\/strong><\/p>\n<\/div><form method=\"post\" enctype=\"multipart\/form-data\" id=\"vfbp-form-1\" class=\"vfbp-form\"><div style=\"display:none;\"><label for=\"vfbp-EMAIL-AN8fuQyoDLXem\">If you are human, leave this field blank.<\/label><input size=\"25\" autocomplete=\"off\" type=\"text\" name=\"vfbp-EMAIL-AN8fuQyoDLXem\" value=\"\" id=\"\"><\/div><input type=\"hidden\" name=\"_vfb-timestamp-1\" value=\"1778070586\" id=\"\"><input type=\"hidden\" name=\"_vfb-form-id\" value=\"1\" id=\"\"><div class=\"vfb-col-12 vfb-fieldType-text\" id=\"vfbField1\"><div class=\"vfb-form-group\"><label for=\"vfb-field-1\" class=\"vfb-control-label\">Nom <span class=\"vfb-required-asterisk\">*<\/span><\/label><div><input id=\"vfb-field-1\" class=\"vfb-form-control\" placeholder=\"\" required=\"required\" type=\"text\" name=\"vfb-field-1\" value=\"\"><\/div><\/div><\/div><div class=\"vfb-clearfix\"><\/div><div class=\"vfb-col-12 vfb-fieldType-email\" id=\"vfbField4\"><div class=\"vfb-form-group\"><label for=\"vfb-field-4\" class=\"vfb-control-label\">Email <span class=\"vfb-required-asterisk\">*<\/span><\/label><div><input id=\"vfb-field-4\" class=\"vfb-form-control\" placeholder=\"\" required=\"required\" type=\"email\" name=\"vfb-field-4\" value=\"\"><\/div><\/div><\/div><div class=\"vfb-clearfix\"><\/div><div class=\"vfb-col-12 vfb-fieldType-phone\" id=\"vfbField6\"><div class=\"vfb-form-group\"><label for=\"vfb-field-6\" class=\"vfb-control-label\">T\u00e9l\u00e9phone<\/label><div><input id=\"vfb-field-6\" class=\"vfb-form-control vfb-intl-phone\" placeholder=\"\" type=\"tel\" name=\"vfb-field-6\" value=\"\"><\/div><\/div><\/div><div class=\"vfb-clearfix\"><\/div><div class=\"vfb-col-12 vfb-fieldType-textarea\" id=\"vfbField2\"><div class=\"vfb-form-group\"><label for=\"vfb-field-2\" class=\"vfb-control-label\">Comment pouvons nous aider?<\/label><div><textarea id=\"vfb-field-2\" class=\"vfb-form-control\" placeholder=\"\" rows=\"10\" name=\"vfb-field-2\" cols=\"50\"><\/textarea><\/div><\/div><\/div><div class=\"vfb-clearfix\"><\/div><div class=\"vfb-col-12 vfb-fieldType-captcha\" id=\"vfbField5\"><div class=\"vfb-form-group\"><label for=\"vfb-field-5\" class=\"vfb-control-label\">Captcha <span class=\"vfb-required-asterisk\">*<\/span><\/label><div><div><\/div><input type=\"hidden\" name=\"_vfb_captcha_simple_enabled\" value=\"1\" id=\"\"><input id=\"vfb-field-5\" class=\"vfb-form-control\" placeholder=\"\" required=\"required\" data-vfb-required=\"1\" data-vfb-type=\"integer\" data-vfb-minlength=\"2\" data-vfb-maxlength=\"2\" type=\"text\" name=\"_vfb_captcha_simple-1\" value=\"\"><span class=\"vfb-help-block\">For security verification, please enter any random two digit number. For example: 48<\/span><\/div><\/div><\/div><div class=\"vfb-clearfix\"><\/div><div class=\"vfb-col-12 vfb-fieldType-submit\" id=\"vfbField3\"><button id=\"vfb-field-3\" class=\" btn btn-primary\" placeholder=\"\" type=\"submit\" name=\"_vfb-submit\">Envoyer<\/button><\/div><div class=\"vfb-clearfix\"><\/div><\/form><div class=\"fusion-clearfix\"><\/div><\/div><\/div><\/div><\/div><div class=\"fusion-fullwidth fullwidth-box fusion-builder-row-3 nonhundred-percent-fullwidth non-hundred-percent-height-scrolling\" style=\"background-color: rgba(255,255,255,0);background-position: center center;background-repeat: no-repeat;padding-top:0px;padding-right:0px;padding-bottom:75px;padding-left:0px;margin-bottom: 0px;margin-top: 0px;border-width: 0px 0px 0px 0px;border-color:#eae9e9;border-style:solid;\" ><div class=\"fusion-builder-row fusion-row\"><div class=\"fusion-layout-column fusion_builder_column fusion-builder-column-2 fusion_builder_column_1_3 1_3 fusion-one-third fusion-column-first\" style=\"width:33.333333333333%;width:calc(33.333333333333% - ( ( 20px + 20px ) * 0.33333333333333 ) );margin-right: 20px;margin-top:0px;margin-bottom:20px;\"><div class=\"fusion-column-wrapper fusion-flex-column-wrapper-legacy\" style=\"background-position:left top;background-repeat:no-repeat;-webkit-background-size:cover;-moz-background-size:cover;-o-background-size:cover;background-size:cover;padding: 0px 0px 0px 0px;\"><span class=\" fusion-imageframe imageframe-none imageframe-1 hover-type-none\"><img decoding=\"async\" width=\"500\" height=\"333\" title=\"about1\" src=\"https:\/\/seawolfexpeditions.com\/fr\/wp-content\/uploads\/2020\/07\/about1.jpg\" class=\"img-responsive wp-image-87\" srcset=\"https:\/\/seawolfexpeditions.com\/fr\/wp-content\/uploads\/2020\/07\/about1-200x133.jpg 200w, https:\/\/seawolfexpeditions.com\/fr\/wp-content\/uploads\/2020\/07\/about1-400x266.jpg 400w, https:\/\/seawolfexpeditions.com\/fr\/wp-content\/uploads\/2020\/07\/about1.jpg 500w\" sizes=\"(max-width: 1000px) 100vw, 400px\" \/><\/span><div class=\"fusion-clearfix\"><\/div><\/div><\/div><div class=\"fusion-layout-column fusion_builder_column fusion-builder-column-3 fusion_builder_column_1_3 1_3 fusion-one-third\" style=\"width:33.333333333333%;width:calc(33.333333333333% - ( ( 20px + 20px ) * 0.33333333333333 ) );margin-right: 20px;margin-top:0px;margin-bottom:20px;\"><div class=\"fusion-column-wrapper fusion-flex-column-wrapper-legacy\" style=\"background-position:left top;background-repeat:no-repeat;-webkit-background-size:cover;-moz-background-size:cover;-o-background-size:cover;background-size:cover;padding: 0px 0px 0px 0px;\"><span class=\" fusion-imageframe imageframe-none imageframe-2 hover-type-none\"><img decoding=\"async\" width=\"500\" height=\"333\" title=\"contact\" src=\"https:\/\/seawolfexpeditions.com\/fr\/wp-content\/uploads\/2023\/03\/contact.jpg\" class=\"img-responsive wp-image-415\" srcset=\"https:\/\/seawolfexpeditions.com\/fr\/wp-content\/uploads\/2023\/03\/contact-200x133.jpg 200w, https:\/\/seawolfexpeditions.com\/fr\/wp-content\/uploads\/2023\/03\/contact-400x266.jpg 400w, https:\/\/seawolfexpeditions.com\/fr\/wp-content\/uploads\/2023\/03\/contact.jpg 500w\" sizes=\"(max-width: 1000px) 100vw, 400px\" \/><\/span><div class=\"fusion-clearfix\"><\/div><\/div><\/div><div class=\"fusion-layout-column fusion_builder_column fusion-builder-column-4 fusion_builder_column_1_3 1_3 fusion-one-third fusion-column-last\" style=\"width:33.333333333333%;width:calc(33.333333333333% - ( ( 20px + 20px ) * 0.33333333333333 ) );margin-top:0px;margin-bottom:20px;\"><div class=\"fusion-column-wrapper fusion-flex-column-wrapper-legacy\" style=\"background-position:left top;background-repeat:no-repeat;-webkit-background-size:cover;-moz-background-size:cover;-o-background-size:cover;background-size:cover;padding: 0px 0px 0px 0px;\"><span class=\" fusion-imageframe imageframe-none imageframe-3 hover-type-none\"><img decoding=\"async\" width=\"500\" height=\"333\" title=\"contact1\" src=\"https:\/\/seawolfexpeditions.com\/fr\/wp-content\/uploads\/2023\/03\/contact1.jpg\" class=\"img-responsive wp-image-416\" srcset=\"https:\/\/seawolfexpeditions.com\/fr\/wp-content\/uploads\/2023\/03\/contact1-200x133.jpg 200w, https:\/\/seawolfexpeditions.com\/fr\/wp-content\/uploads\/2023\/03\/contact1-400x266.jpg 400w, https:\/\/seawolfexpeditions.com\/fr\/wp-content\/uploads\/2023\/03\/contact1.jpg 500w\" sizes=\"(max-width: 1000px) 100vw, 400px\" \/><\/span><div class=\"fusion-clearfix\"><\/div><\/div><\/div><\/div><\/div><\/p>\n","protected":false},"excerpt":{"rendered":"","protected":false},"author":1,"featured_media":0,"parent":0,"menu_order":0,"comment_status":"closed","ping_status":"closed","template":"100-width.php","meta":{"footnotes":""},"class_list":["post-204","page","type-page","status-publish","hentry"],"yoast_head":"<!-- This site is optimized with the Yoast SEO plugin v27.5 - https:\/\/yoast.com\/product\/yoast-seo-wordpress\/ -->\n<title>Contact - Seawolf Expeditions<\/title>\n<meta name=\"robots\" content=\"index, follow, max-snippet:-1, max-image-preview:large, max-video-preview:-1\" \/>\n<link rel=\"canonical\" href=\"https:\/\/seawolfexpeditions.com\/fr\/contact\/\" \/>\n<meta property=\"og:locale\" content=\"en_US\" \/>\n<meta property=\"og:type\" content=\"article\" \/>\n<meta property=\"og:title\" content=\"Contact - Seawolf Expeditions\" \/>\n<meta property=\"og:url\" content=\"https:\/\/seawolfexpeditions.com\/fr\/contact\/\" \/>\n<meta property=\"og:site_name\" content=\"Seawolf Expeditions\" \/>\n<meta property=\"article:modified_time\" content=\"2023-03-25T00:28:08+00:00\" \/>\n<meta property=\"og:image\" content=\"https:\/\/seawolfexpeditions.com\/fr\/wp-content\/uploads\/2020\/07\/SeaWolf-title.png\" \/>\n<meta name=\"twitter:card\" content=\"summary_large_image\" \/>\n<meta name=\"twitter:label1\" content=\"Est. reading time\" \/>\n\t<meta name=\"twitter:data1\" content=\"5 minutes\" \/>\n<script type=\"application\/ld+json\" class=\"yoast-schema-graph\">{\"@context\":\"https:\\\/\\\/schema.org\",\"@graph\":[{\"@type\":\"WebPage\",\"@id\":\"https:\\\/\\\/seawolfexpeditions.com\\\/fr\\\/contact\\\/\",\"url\":\"https:\\\/\\\/seawolfexpeditions.com\\\/fr\\\/contact\\\/\",\"name\":\"Contact - Seawolf Expeditions\",\"isPartOf\":{\"@id\":\"https:\\\/\\\/seawolfexpeditions.com\\\/fr\\\/#website\"},\"primaryImageOfPage\":{\"@id\":\"https:\\\/\\\/seawolfexpeditions.com\\\/fr\\\/contact\\\/#primaryimage\"},\"image\":{\"@id\":\"https:\\\/\\\/seawolfexpeditions.com\\\/fr\\\/contact\\\/#primaryimage\"},\"thumbnailUrl\":\"https:\\\/\\\/seawolfexpeditions.com\\\/fr\\\/wp-content\\\/uploads\\\/2020\\\/07\\\/SeaWolf-title.png\",\"datePublished\":\"2020-07-27T10:07:18+00:00\",\"dateModified\":\"2023-03-25T00:28:08+00:00\",\"breadcrumb\":{\"@id\":\"https:\\\/\\\/seawolfexpeditions.com\\\/fr\\\/contact\\\/#breadcrumb\"},\"inLanguage\":\"en-NZ\",\"potentialAction\":[{\"@type\":\"ReadAction\",\"target\":[\"https:\\\/\\\/seawolfexpeditions.com\\\/fr\\\/contact\\\/\"]}]},{\"@type\":\"ImageObject\",\"inLanguage\":\"en-NZ\",\"@id\":\"https:\\\/\\\/seawolfexpeditions.com\\\/fr\\\/contact\\\/#primaryimage\",\"url\":\"https:\\\/\\\/seawolfexpeditions.com\\\/fr\\\/wp-content\\\/uploads\\\/2020\\\/07\\\/SeaWolf-title.png\",\"contentUrl\":\"https:\\\/\\\/seawolfexpeditions.com\\\/fr\\\/wp-content\\\/uploads\\\/2020\\\/07\\\/SeaWolf-title.png\"},{\"@type\":\"BreadcrumbList\",\"@id\":\"https:\\\/\\\/seawolfexpeditions.com\\\/fr\\\/contact\\\/#breadcrumb\",\"itemListElement\":[{\"@type\":\"ListItem\",\"position\":1,\"name\":\"Home\",\"item\":\"https:\\\/\\\/seawolfexpeditions.com\\\/fr\\\/\"},{\"@type\":\"ListItem\",\"position\":2,\"name\":\"Contact\"}]},{\"@type\":\"WebSite\",\"@id\":\"https:\\\/\\\/seawolfexpeditions.com\\\/fr\\\/#website\",\"url\":\"https:\\\/\\\/seawolfexpeditions.com\\\/fr\\\/\",\"name\":\"Seawolf Expeditions\",\"description\":\"Luxury boat holidays in Tahiti\",\"potentialAction\":[{\"@type\":\"SearchAction\",\"target\":{\"@type\":\"EntryPoint\",\"urlTemplate\":\"https:\\\/\\\/seawolfexpeditions.com\\\/fr\\\/?s={search_term_string}\"},\"query-input\":{\"@type\":\"PropertyValueSpecification\",\"valueRequired\":true,\"valueName\":\"search_term_string\"}}],\"inLanguage\":\"en-NZ\"}]}<\/script>\n<!-- \/ Yoast SEO plugin. -->","yoast_head_json":{"title":"Contact - Seawolf Expeditions","robots":{"index":"index","follow":"follow","max-snippet":"max-snippet:-1","max-image-preview":"max-image-preview:large","max-video-preview":"max-video-preview:-1"},"canonical":"https:\/\/seawolfexpeditions.com\/fr\/contact\/","og_locale":"en_US","og_type":"article","og_title":"Contact - Seawolf Expeditions","og_url":"https:\/\/seawolfexpeditions.com\/fr\/contact\/","og_site_name":"Seawolf Expeditions","article_modified_time":"2023-03-25T00:28:08+00:00","og_image":[{"url":"https:\/\/seawolfexpeditions.com\/fr\/wp-content\/uploads\/2020\/07\/SeaWolf-title.png","type":"","width":"","height":""}],"twitter_card":"summary_large_image","twitter_misc":{"Est. reading time":"5 minutes"},"schema":{"@context":"https:\/\/schema.org","@graph":[{"@type":"WebPage","@id":"https:\/\/seawolfexpeditions.com\/fr\/contact\/","url":"https:\/\/seawolfexpeditions.com\/fr\/contact\/","name":"Contact - Seawolf Expeditions","isPartOf":{"@id":"https:\/\/seawolfexpeditions.com\/fr\/#website"},"primaryImageOfPage":{"@id":"https:\/\/seawolfexpeditions.com\/fr\/contact\/#primaryimage"},"image":{"@id":"https:\/\/seawolfexpeditions.com\/fr\/contact\/#primaryimage"},"thumbnailUrl":"https:\/\/seawolfexpeditions.com\/fr\/wp-content\/uploads\/2020\/07\/SeaWolf-title.png","datePublished":"2020-07-27T10:07:18+00:00","dateModified":"2023-03-25T00:28:08+00:00","breadcrumb":{"@id":"https:\/\/seawolfexpeditions.com\/fr\/contact\/#breadcrumb"},"inLanguage":"en-NZ","potentialAction":[{"@type":"ReadAction","target":["https:\/\/seawolfexpeditions.com\/fr\/contact\/"]}]},{"@type":"ImageObject","inLanguage":"en-NZ","@id":"https:\/\/seawolfexpeditions.com\/fr\/contact\/#primaryimage","url":"https:\/\/seawolfexpeditions.com\/fr\/wp-content\/uploads\/2020\/07\/SeaWolf-title.png","contentUrl":"https:\/\/seawolfexpeditions.com\/fr\/wp-content\/uploads\/2020\/07\/SeaWolf-title.png"},{"@type":"BreadcrumbList","@id":"https:\/\/seawolfexpeditions.com\/fr\/contact\/#breadcrumb","itemListElement":[{"@type":"ListItem","position":1,"name":"Home","item":"https:\/\/seawolfexpeditions.com\/fr\/"},{"@type":"ListItem","position":2,"name":"Contact"}]},{"@type":"WebSite","@id":"https:\/\/seawolfexpeditions.com\/fr\/#website","url":"https:\/\/seawolfexpeditions.com\/fr\/","name":"Seawolf Expeditions","description":"Luxury boat holidays in Tahiti","potentialAction":[{"@type":"SearchAction","target":{"@type":"EntryPoint","urlTemplate":"https:\/\/seawolfexpeditions.com\/fr\/?s={search_term_string}"},"query-input":{"@type":"PropertyValueSpecification","valueRequired":true,"valueName":"search_term_string"}}],"inLanguage":"en-NZ"}]}},"_links":{"self":[{"href":"https:\/\/seawolfexpeditions.com\/fr\/wp-json\/wp\/v2\/pages\/204","targetHints":{"allow":["GET"]}}],"collection":[{"href":"https:\/\/seawolfexpeditions.com\/fr\/wp-json\/wp\/v2\/pages"}],"about":[{"href":"https:\/\/seawolfexpeditions.com\/fr\/wp-json\/wp\/v2\/types\/page"}],"author":[{"embeddable":true,"href":"https:\/\/seawolfexpeditions.com\/fr\/wp-json\/wp\/v2\/users\/1"}],"replies":[{"embeddable":true,"href":"https:\/\/seawolfexpeditions.com\/fr\/wp-json\/wp\/v2\/comments?post=204"}],"version-history":[{"count":21,"href":"https:\/\/seawolfexpeditions.com\/fr\/wp-json\/wp\/v2\/pages\/204\/revisions"}],"predecessor-version":[{"id":439,"href":"https:\/\/seawolfexpeditions.com\/fr\/wp-json\/wp\/v2\/pages\/204\/revisions\/439"}],"wp:attachment":[{"href":"https:\/\/seawolfexpeditions.com\/fr\/wp-json\/wp\/v2\/media?parent=204"}],"curies":[{"name":"wp","href":"https:\/\/api.w.org\/{rel}","templated":true}]}}