{"id":2,"date":"2020-06-29T03:58:02","date_gmt":"2020-06-29T03:58:02","guid":{"rendered":"https:\/\/seawolfexpeditions.com\/fr\/?page_id=2"},"modified":"2023-03-25T00:17:22","modified_gmt":"2023-03-25T00:17:22","slug":"accueil","status":"publish","type":"page","link":"https:\/\/seawolfexpeditions.com\/fr\/","title":{"rendered":"Accueil"},"content":{"rendered":"<p><div class=\"fusion-fullwidth fullwidth-box fusion-builder-row-1 video-background hero hundred-percent-fullwidth hundred-percent-height hundred-percent-height-center-content non-hundred-percent-height-scrolling\" style=\"background-color: rgba(255,255,255,0);background-position: center center;background-repeat: no-repeat;padding-top:0px;padding-right:0px;padding-bottom:0px;padding-left:0px;margin-bottom: 0px;margin-top: 0px;border-width: 0px 0px 0px 0px;border-color:#eae9e9;border-style:solid;\" ><div class=\"fullwidth-video\"><video preload=\"auto\" autoplay playsinline loop muted><source src=\"https:\/\/seawolfexpeditions.com\/fr\/wp-content\/uploads\/2020\/07\/seawolf-home.mp4\" type=\"video\/mp4\"><\/video><\/div><div class=\"fullwidth-overlay\" style=\"background-color:rgba(255,255,255,0);\"><\/div><div class=\"fusion-fullwidth-center-content\"><div class=\"fusion-builder-row fusion-row\"><div class=\"fusion-layout-column fusion_builder_column fusion-builder-column-0 fusion_builder_column_1_1 1_1 fusion-one-full fusion-column-first fusion-column-last\" style=\"margin-top:0px;margin-bottom:20px;\"><div class=\"fusion-column-wrapper fusion-flex-column-wrapper-legacy\" style=\"background-position:left top;background-repeat:no-repeat;-webkit-background-size:cover;-moz-background-size:cover;-o-background-size:cover;background-size:cover;padding: 0px 0px 0px 0px;\"><div class=\"fusion-text fusion-text-1\"><h1><img decoding=\"async\" class=\"alignnone size-full wp-image-131\" src=\"https:\/\/seawolfexpeditions.com\/fr\/wp-content\/uploads\/2020\/07\/SeaWolf-title.png\" alt=\"\" width=\"929\" height=\"249\" srcset=\"https:\/\/seawolfexpeditions.com\/fr\/wp-content\/uploads\/2020\/07\/SeaWolf-title-200x54.png 200w, https:\/\/seawolfexpeditions.com\/fr\/wp-content\/uploads\/2020\/07\/SeaWolf-title-300x80.png 300w, https:\/\/seawolfexpeditions.com\/fr\/wp-content\/uploads\/2020\/07\/SeaWolf-title-400x107.png 400w, https:\/\/seawolfexpeditions.com\/fr\/wp-content\/uploads\/2020\/07\/SeaWolf-title-600x161.png 600w, https:\/\/seawolfexpeditions.com\/fr\/wp-content\/uploads\/2020\/07\/SeaWolf-title-768x206.png 768w, https:\/\/seawolfexpeditions.com\/fr\/wp-content\/uploads\/2020\/07\/SeaWolf-title-800x214.png 800w, https:\/\/seawolfexpeditions.com\/fr\/wp-content\/uploads\/2020\/07\/SeaWolf-title.png 929w\" sizes=\"(max-width: 929px) 100vw, 929px\" \/><\/h1>\n<h4><a href=\"#first\"><strong>D\u00e9couvrez la diff\u00e9rence<\/strong><\/a><\/h4>\n<\/div><div class=\"fusion-clearfix\"><\/div><\/div><\/div><\/div><\/div><\/div><div class=\"fusion-fullwidth fullwidth-box fusion-builder-row-2 imagesection rightimage hundred-percent-fullwidth non-hundred-percent-height-scrolling fusion-equal-height-columns\" style=\"background-color: rgba(255,255,255,0);background-position: center center;background-repeat: no-repeat;padding-top:0px;padding-right:0px;padding-bottom:0px;padding-left:0px;margin-bottom: 0px;margin-top: 0px;border-width: 0px 0px 0px 0px;border-color:#eae9e9;border-style:solid;\" id=\"first\" ><div class=\"fusion-builder-row fusion-row\"><div class=\"fusion-layout-column fusion_builder_column fusion-builder-column-1 fusion_builder_column_3_4 3_4 fusion-three-fourth fusion-column-first\" style=\"width:75%;width:calc(75% - ( ( 0 ) * 0.75 ) );margin-right: 0px;margin-top:0px;margin-bottom:0px;\"><div class=\"fusion-column-wrapper fusion-flex-column-wrapper-legacy\" style=\"background-image: url(&#039;https:\/\/seawolfexpeditions.com\/fr\/wp-content\/uploads\/2023\/03\/explore.jpg&#039;);background-position:center center;background-repeat:no-repeat;-webkit-background-size:cover;-moz-background-size:cover;-o-background-size:cover;background-size:cover;padding: 0px 0px 0px 0px;\" data-bg-url=\"https:\/\/seawolfexpeditions.com\/fr\/wp-content\/uploads\/2023\/03\/explore.jpg\"><div class=\"fusion-text fusion-text-2\"><h2>Explorer.<\/h2>\n<\/div><div class=\"fusion-clearfix\"><\/div><\/div><\/div><div class=\"fusion-layout-column fusion_builder_column fusion-builder-column-2 fusion_builder_column_1_4 1_4 fusion-one-fourth fusion-column-last\" style=\"width:25%;width:calc(25% - ( ( 0 ) * 0.25 ) );margin-top:0px;margin-bottom:0px;\"><div class=\"fusion-column-wrapper fusion-flex-column-wrapper-legacy\" style=\"background-position:left top;background-repeat:no-repeat;-webkit-background-size:cover;-moz-background-size:cover;-o-background-size:cover;background-size:cover;padding: 0px 0px 0px 0px;\"><div class=\"fusion-text fusion-text-3\"><h3>Le paradis des aventures nautiques<\/h3>\n<p>D\u00e9couvrez nos charters personnalis\u00e9s en Polyn\u00e9sie Fran\u00e7aise \u00e0 bord du SeaWolf, un bateau alliant confort ultime et plaisirs nautiques.<\/p>\n<p>Profitez de charters d\u2019une demie journ\u00e9e ou d\u2019une journ\u00e9e enti\u00e8re, ou encore d\u2019excursions dans les \u00eeles les plus isol\u00e9es de la Polyn\u00e9sie Fran\u00e7aise.<\/p>\n<p>Egalement disponible sur notre bateau m\u00e8re- <a href=\"https:\/\/www.ultimatelady.com\/\"><strong>l\u2019 Ultimate Lady<\/strong><\/a> &#8211; options disponibles sur demande.<\/p>\n<p>Nous nous adaptons selon vos envies\u00a0: plong\u00e9e sous-marine, p\u00eache en haute mer, snorkelling, rencontres avec les requins, observation des baleines, sessions de surf, p\u00eache au harpon, \u00a0Stand up paddle, jet-skis et pique-niques sur les \u00eeles.<\/p>\n<p><a class=\"button button__arrow-link\" href=\"https:\/\/seawolfexpeditions.com\/fr\/about\/\">En savoir plus<\/a><\/p>\n<\/div><div class=\"fusion-clearfix\"><\/div><\/div><\/div><\/div><\/div><div id=\"#second\"><div class=\"fusion-fullwidth fullwidth-box fusion-builder-row-3 imagesection rightimage hundred-percent-fullwidth non-hundred-percent-height-scrolling fusion-equal-height-columns\" style=\"background-color: rgba(255,255,255,0);background-position: center center;background-repeat: no-repeat;padding-top:0px;padding-right:0px;padding-bottom:0px;padding-left:0px;margin-bottom: 0px;margin-top: 0px;border-width: 0px 0px 0px 0px;border-color:#eae9e9;border-style:solid;\" ><div class=\"fusion-builder-row fusion-row\"><div class=\"fusion-layout-column fusion_builder_column fusion-builder-column-3 fusion_builder_column_3_4 3_4 fusion-three-fourth fusion-column-first\" style=\"width:75%;width:calc(75% - ( ( 0 ) * 0.75 ) );margin-right: 0px;margin-top:0px;margin-bottom:0px;\"><div class=\"fusion-column-wrapper fusion-flex-column-wrapper-legacy\" style=\"background-image: url(&#039;https:\/\/seawolfexpeditions.com\/fr\/wp-content\/uploads\/2023\/03\/fishing.jpg&#039;);background-position:center center;background-repeat:no-repeat;-webkit-background-size:cover;-moz-background-size:cover;-o-background-size:cover;background-size:cover;padding: 0px 0px 0px 0px;\" data-bg-url=\"https:\/\/seawolfexpeditions.com\/fr\/wp-content\/uploads\/2023\/03\/fishing.jpg\"><div class=\"fusion-text fusion-text-4\"><h2>Release.<\/h2>\n<\/div><div class=\"fusion-clearfix\"><\/div><\/div><\/div><div class=\"fusion-layout-column fusion_builder_column fusion-builder-column-4 fusion_builder_column_1_4 1_4 fusion-one-fourth fusion-column-last\" style=\"width:25%;width:calc(25% - ( ( 0 ) * 0.25 ) );margin-top:0px;margin-bottom:0px;\"><div class=\"fusion-column-wrapper fusion-flex-column-wrapper-legacy\" style=\"background-position:left top;background-repeat:no-repeat;-webkit-background-size:cover;-moz-background-size:cover;-o-background-size:cover;background-size:cover;padding: 0px 0px 0px 0px;\"><div class=\"fusion-text fusion-text-5\"><h3>SeaWolf Exp\u00e9ditions<\/h3>\n<p>La Polyn\u00e9sie fran\u00e7aise est connue pour offrir parmi les excursions les plus r\u00e9put\u00e9es de p\u00eache en haute mer . \u00a0Le SeaWolf a \u00e9t\u00e9 sp\u00e9cialement con\u00e7u pour satisfaire au mieux vos envies de p\u00eache gr\u00e2ce \u00e0 son \u00e9quipement \u00e9lectronique dernier cri de d\u00e9tection de poissons. Nos 10 ann\u00e9es d\u2019exp\u00e9rience de p\u00eache en haute mer et d&#8217;exploration des archipels de Polyn\u00e9sie, nous permettent de vous accompagner au mieux<\/p>\n<p>La grande aventure de p\u00eache polyn\u00e9sienne vous attend \u00e0 bord du SeaWolf. Profitez \u00e9galement de notre bateau m\u00e8re <a href=\"https:\/\/www.ultimatelady.com\/\"><strong>l\u2019 Ultimate Lady<\/strong><\/a> pour profiter de services encore plus luxueux.<\/p>\n<p><a class=\"button button__arrow-link\" href=\"https:\/\/seawolfexpeditions.com\/fr\/activites\/\">En savoir plus<\/a><\/p>\n<\/div><div class=\"fusion-clearfix\"><\/div><\/div><\/div><\/div><\/div><\/div><div class=\"fusion-fullwidth fullwidth-box fusion-builder-row-4 imagesection rightimage hundred-percent-fullwidth non-hundred-percent-height-scrolling fusion-equal-height-columns\" style=\"background-color: rgba(255,255,255,0);background-position: center center;background-repeat: no-repeat;padding-top:0px;padding-right:0px;padding-bottom:0px;padding-left:0px;margin-bottom: 0px;margin-top: 0px;border-width: 0px 0px 0px 0px;border-color:#eae9e9;border-style:solid;\" ><div class=\"fusion-builder-row fusion-row\"><div class=\"fusion-layout-column fusion_builder_column fusion-builder-column-5 fusion_builder_column_3_4 3_4 fusion-three-fourth fusion-column-first\" style=\"width:75%;width:calc(75% - ( ( 0 ) * 0.75 ) );margin-right: 0px;margin-top:0px;margin-bottom:0px;\"><div class=\"fusion-column-wrapper fusion-flex-column-wrapper-legacy\" style=\"background-image: url(&#039;https:\/\/seawolfexpeditions.com\/fr\/wp-content\/uploads\/2020\/07\/humpbacks-1.jpg&#039;);background-position:center center;background-repeat:no-repeat;-webkit-background-size:cover;-moz-background-size:cover;-o-background-size:cover;background-size:cover;padding: 0px 0px 0px 0px;\" data-bg-url=\"https:\/\/seawolfexpeditions.com\/fr\/wp-content\/uploads\/2020\/07\/humpbacks-1.jpg\"><div class=\"fusion-text fusion-text-6\"><h2>Respirer.<\/h2>\n<\/div><div class=\"fusion-clearfix\"><\/div><\/div><\/div><div class=\"fusion-layout-column fusion_builder_column fusion-builder-column-6 fusion_builder_column_1_4 1_4 fusion-one-fourth fusion-column-last\" style=\"width:25%;width:calc(25% - ( ( 0 ) * 0.25 ) );margin-top:0px;margin-bottom:0px;\"><div class=\"fusion-column-wrapper fusion-flex-column-wrapper-legacy\" style=\"background-position:left top;background-repeat:no-repeat;-webkit-background-size:cover;-moz-background-size:cover;-o-background-size:cover;background-size:cover;padding: 0px 0px 0px 0px;\"><div class=\"fusion-text fusion-text-7\"><h3>L&#8217;exp\u00e9rience d&#8217;une vie<\/h3>\n<p>La saison des baleines \u00e0 bosses commence au d\u00e9but du mois ao\u00fbt au moment de la floraison des Atae, \u00e9galement appel\u00e9 arbre \u00e0 baleine, car cette derni\u00e8re annonce l&#8217;arriv\u00e9e des baleines dans les eaux tahitiennes.<\/p>\n<p>Les baleines quittent les \u00eeles de Tahiti fin octobre lorsque les nouveau-n\u00e9s sont assez forts pour commencer leur migration vers l&#8217;Antarctique.<\/p>\n<p>Profitez d&#8217;une journ\u00e9e sur l&#8217;eau avec tout le confort et laissez-vous guider pour observer ces g\u00e9ants de la mer. Un \u00e9quipement de pointe pr\u00e9sent \u00e0 bord permet de localiser et de suivre les baleines jusqu&#8217;\u00e0 2 km offrant ainsi les meilleures conditions pour approcher ces incroyables mammif\u00e8res.<\/p>\n<p><a class=\"button button__arrow-link\" href=\"https:\/\/seawolfexpeditions.com\/fr\/activites\/\">En savoir plus<\/a><\/p>\n<\/div><div class=\"fusion-clearfix\"><\/div><\/div><\/div><\/div><\/div><div class=\"fusion-fullwidth fullwidth-box fusion-builder-row-5 imagesection rightimage hundred-percent-fullwidth non-hundred-percent-height-scrolling fusion-equal-height-columns\" style=\"background-color: rgba(255,255,255,0);background-position: center center;background-repeat: no-repeat;padding-top:0px;padding-right:0px;padding-bottom:0px;padding-left:0px;margin-bottom: 0px;margin-top: 0px;border-width: 0px 0px 0px 0px;border-color:#eae9e9;border-style:solid;\" ><div class=\"fusion-builder-row fusion-row\"><div class=\"fusion-layout-column fusion_builder_column fusion-builder-column-7 fusion_builder_column_3_4 3_4 fusion-three-fourth fusion-column-first\" style=\"width:75%;width:calc(75% - ( ( 0 ) * 0.75 ) );margin-right: 0px;margin-top:0px;margin-bottom:0px;\"><div class=\"fusion-column-wrapper fusion-flex-column-wrapper-legacy\" style=\"background-image: url(&#039;https:\/\/seawolfexpeditions.com\/fr\/wp-content\/uploads\/2023\/03\/relax.jpg&#039;);background-position:center center;background-repeat:no-repeat;-webkit-background-size:cover;-moz-background-size:cover;-o-background-size:cover;background-size:cover;padding: 0px 0px 0px 0px;\" data-bg-url=\"https:\/\/seawolfexpeditions.com\/fr\/wp-content\/uploads\/2023\/03\/relax.jpg\"><div class=\"fusion-text fusion-text-8\"><h2>Se d\u00e9tendre.<\/h2>\n<\/div><div class=\"fusion-clearfix\"><\/div><\/div><\/div><div class=\"fusion-layout-column fusion_builder_column fusion-builder-column-8 fusion_builder_column_1_4 1_4 fusion-one-fourth fusion-column-last\" style=\"width:25%;width:calc(25% - ( ( 0 ) * 0.25 ) );margin-top:0px;margin-bottom:0px;\"><div class=\"fusion-column-wrapper fusion-flex-column-wrapper-legacy\" style=\"background-position:left top;background-repeat:no-repeat;-webkit-background-size:cover;-moz-background-size:cover;-o-background-size:cover;background-size:cover;padding: 0px 0px 0px 0px;\"><div class=\"fusion-text fusion-text-9\"><h3>Con\u00e7u pour satisfaire vos envies<\/h3>\n<p>Le SeaWolf a \u00e9t\u00e9 con\u00e7u pour votre confort, et son \u00e9quipage exp\u00e9riment\u00e9 vous initiera \u00e0 l\u2019aventure dans les eaux polyn\u00e9siennes.<\/p>\n<p>D\u00e9couvrez les archipels polyn\u00e9siens de fa\u00e7on unique en affr\u00e9tant le SeaWolf. Le navire mesure 14,9 m\u00e8tres de long, est enti\u00e8rement climatis\u00e9 et comprend un syst\u00e8me gyrostabilis\u00e9 pour votre confort.<\/p>\n<p>Le navire peut accueillir 4 passagers pour la nuit et jusqu&#8217;\u00e0 12 personnes pour les excursions d&#8217;une journ\u00e9e ainsi que les transferts. Combinez avec notre navire m\u00e8re,\u00a0<a href=\"https:\/\/www.ultimatelady.com\/\"><strong>l\u2019 Ultimate Lady<\/strong><\/a>, et invitez toute la famille \u00e0 vivre une exp\u00e9rience in\u00e9dite.<\/p>\n<p><a class=\"button button__arrow-link\" href=\"https:\/\/seawolfexpeditions.com\/fr\/about\/\">En savoir plus<\/a><\/p>\n<\/div><div class=\"fusion-clearfix\"><\/div><\/div><\/div><\/div><\/div><\/p>\n","protected":false},"excerpt":{"rendered":"","protected":false},"author":1,"featured_media":0,"parent":0,"menu_order":0,"comment_status":"closed","ping_status":"closed","template":"100-width.php","meta":{"footnotes":""},"class_list":["post-2","page","type-page","status-publish","hentry"],"yoast_head":"<!-- This site is optimized with the Yoast SEO plugin v27.5 - https:\/\/yoast.com\/product\/yoast-seo-wordpress\/ -->\n<title>Accueil - Seawolf Expeditions<\/title>\n<meta name=\"robots\" content=\"index, follow, max-snippet:-1, max-image-preview:large, max-video-preview:-1\" \/>\n<link rel=\"canonical\" href=\"https:\/\/seawolfexpeditions.com\/fr\/\" \/>\n<meta property=\"og:locale\" content=\"en_US\" \/>\n<meta property=\"og:type\" content=\"article\" \/>\n<meta property=\"og:title\" content=\"Accueil - Seawolf Expeditions\" \/>\n<meta property=\"og:url\" content=\"https:\/\/seawolfexpeditions.com\/fr\/\" \/>\n<meta property=\"og:site_name\" content=\"Seawolf Expeditions\" \/>\n<meta property=\"article:modified_time\" content=\"2023-03-25T00:17:22+00:00\" \/>\n<meta property=\"og:image\" content=\"https:\/\/seawolfexpeditions.com\/fr\/wp-content\/uploads\/2020\/07\/SeaWolf-title.png\" \/>\n<meta name=\"twitter:card\" content=\"summary_large_image\" \/>\n<meta name=\"twitter:label1\" content=\"Est. reading time\" \/>\n\t<meta name=\"twitter:data1\" content=\"8 minutes\" \/>\n<script type=\"application\/ld+json\" class=\"yoast-schema-graph\">{\"@context\":\"https:\\\/\\\/schema.org\",\"@graph\":[{\"@type\":\"WebPage\",\"@id\":\"https:\\\/\\\/seawolfexpeditions.com\\\/fr\\\/\",\"url\":\"https:\\\/\\\/seawolfexpeditions.com\\\/fr\\\/\",\"name\":\"Accueil - Seawolf Expeditions\",\"isPartOf\":{\"@id\":\"https:\\\/\\\/seawolfexpeditions.com\\\/fr\\\/#website\"},\"primaryImageOfPage\":{\"@id\":\"https:\\\/\\\/seawolfexpeditions.com\\\/fr\\\/#primaryimage\"},\"image\":{\"@id\":\"https:\\\/\\\/seawolfexpeditions.com\\\/fr\\\/#primaryimage\"},\"thumbnailUrl\":\"https:\\\/\\\/seawolfexpeditions.com\\\/fr\\\/wp-content\\\/uploads\\\/2020\\\/07\\\/SeaWolf-title.png\",\"datePublished\":\"2020-06-29T03:58:02+00:00\",\"dateModified\":\"2023-03-25T00:17:22+00:00\",\"breadcrumb\":{\"@id\":\"https:\\\/\\\/seawolfexpeditions.com\\\/fr\\\/#breadcrumb\"},\"inLanguage\":\"en-NZ\",\"potentialAction\":[{\"@type\":\"ReadAction\",\"target\":[\"https:\\\/\\\/seawolfexpeditions.com\\\/fr\\\/\"]}]},{\"@type\":\"ImageObject\",\"inLanguage\":\"en-NZ\",\"@id\":\"https:\\\/\\\/seawolfexpeditions.com\\\/fr\\\/#primaryimage\",\"url\":\"https:\\\/\\\/seawolfexpeditions.com\\\/fr\\\/wp-content\\\/uploads\\\/2020\\\/07\\\/SeaWolf-title.png\",\"contentUrl\":\"https:\\\/\\\/seawolfexpeditions.com\\\/fr\\\/wp-content\\\/uploads\\\/2020\\\/07\\\/SeaWolf-title.png\"},{\"@type\":\"BreadcrumbList\",\"@id\":\"https:\\\/\\\/seawolfexpeditions.com\\\/fr\\\/#breadcrumb\",\"itemListElement\":[{\"@type\":\"ListItem\",\"position\":1,\"name\":\"Home\",\"item\":\"https:\\\/\\\/seawolfexpeditions.com\\\/fr\\\/\"},{\"@type\":\"ListItem\",\"position\":2,\"name\":\"Accueil\"}]},{\"@type\":\"WebSite\",\"@id\":\"https:\\\/\\\/seawolfexpeditions.com\\\/fr\\\/#website\",\"url\":\"https:\\\/\\\/seawolfexpeditions.com\\\/fr\\\/\",\"name\":\"Seawolf Expeditions\",\"description\":\"Luxury boat holidays in Tahiti\",\"potentialAction\":[{\"@type\":\"SearchAction\",\"target\":{\"@type\":\"EntryPoint\",\"urlTemplate\":\"https:\\\/\\\/seawolfexpeditions.com\\\/fr\\\/?s={search_term_string}\"},\"query-input\":{\"@type\":\"PropertyValueSpecification\",\"valueRequired\":true,\"valueName\":\"search_term_string\"}}],\"inLanguage\":\"en-NZ\"}]}<\/script>\n<!-- \/ Yoast SEO plugin. -->","yoast_head_json":{"title":"Accueil - Seawolf Expeditions","robots":{"index":"index","follow":"follow","max-snippet":"max-snippet:-1","max-image-preview":"max-image-preview:large","max-video-preview":"max-video-preview:-1"},"canonical":"https:\/\/seawolfexpeditions.com\/fr\/","og_locale":"en_US","og_type":"article","og_title":"Accueil - Seawolf Expeditions","og_url":"https:\/\/seawolfexpeditions.com\/fr\/","og_site_name":"Seawolf Expeditions","article_modified_time":"2023-03-25T00:17:22+00:00","og_image":[{"url":"https:\/\/seawolfexpeditions.com\/fr\/wp-content\/uploads\/2020\/07\/SeaWolf-title.png","type":"","width":"","height":""}],"twitter_card":"summary_large_image","twitter_misc":{"Est. reading time":"8 minutes"},"schema":{"@context":"https:\/\/schema.org","@graph":[{"@type":"WebPage","@id":"https:\/\/seawolfexpeditions.com\/fr\/","url":"https:\/\/seawolfexpeditions.com\/fr\/","name":"Accueil - Seawolf Expeditions","isPartOf":{"@id":"https:\/\/seawolfexpeditions.com\/fr\/#website"},"primaryImageOfPage":{"@id":"https:\/\/seawolfexpeditions.com\/fr\/#primaryimage"},"image":{"@id":"https:\/\/seawolfexpeditions.com\/fr\/#primaryimage"},"thumbnailUrl":"https:\/\/seawolfexpeditions.com\/fr\/wp-content\/uploads\/2020\/07\/SeaWolf-title.png","datePublished":"2020-06-29T03:58:02+00:00","dateModified":"2023-03-25T00:17:22+00:00","breadcrumb":{"@id":"https:\/\/seawolfexpeditions.com\/fr\/#breadcrumb"},"inLanguage":"en-NZ","potentialAction":[{"@type":"ReadAction","target":["https:\/\/seawolfexpeditions.com\/fr\/"]}]},{"@type":"ImageObject","inLanguage":"en-NZ","@id":"https:\/\/seawolfexpeditions.com\/fr\/#primaryimage","url":"https:\/\/seawolfexpeditions.com\/fr\/wp-content\/uploads\/2020\/07\/SeaWolf-title.png","contentUrl":"https:\/\/seawolfexpeditions.com\/fr\/wp-content\/uploads\/2020\/07\/SeaWolf-title.png"},{"@type":"BreadcrumbList","@id":"https:\/\/seawolfexpeditions.com\/fr\/#breadcrumb","itemListElement":[{"@type":"ListItem","position":1,"name":"Home","item":"https:\/\/seawolfexpeditions.com\/fr\/"},{"@type":"ListItem","position":2,"name":"Accueil"}]},{"@type":"WebSite","@id":"https:\/\/seawolfexpeditions.com\/fr\/#website","url":"https:\/\/seawolfexpeditions.com\/fr\/","name":"Seawolf Expeditions","description":"Luxury boat holidays in Tahiti","potentialAction":[{"@type":"SearchAction","target":{"@type":"EntryPoint","urlTemplate":"https:\/\/seawolfexpeditions.com\/fr\/?s={search_term_string}"},"query-input":{"@type":"PropertyValueSpecification","valueRequired":true,"valueName":"search_term_string"}}],"inLanguage":"en-NZ"}]}},"_links":{"self":[{"href":"https:\/\/seawolfexpeditions.com\/fr\/wp-json\/wp\/v2\/pages\/2","targetHints":{"allow":["GET"]}}],"collection":[{"href":"https:\/\/seawolfexpeditions.com\/fr\/wp-json\/wp\/v2\/pages"}],"about":[{"href":"https:\/\/seawolfexpeditions.com\/fr\/wp-json\/wp\/v2\/types\/page"}],"author":[{"embeddable":true,"href":"https:\/\/seawolfexpeditions.com\/fr\/wp-json\/wp\/v2\/users\/1"}],"replies":[{"embeddable":true,"href":"https:\/\/seawolfexpeditions.com\/fr\/wp-json\/wp\/v2\/comments?post=2"}],"version-history":[{"count":59,"href":"https:\/\/seawolfexpeditions.com\/fr\/wp-json\/wp\/v2\/pages\/2\/revisions"}],"predecessor-version":[{"id":430,"href":"https:\/\/seawolfexpeditions.com\/fr\/wp-json\/wp\/v2\/pages\/2\/revisions\/430"}],"wp:attachment":[{"href":"https:\/\/seawolfexpeditions.com\/fr\/wp-json\/wp\/v2\/media?parent=2"}],"curies":[{"name":"wp","href":"https:\/\/api.w.org\/{rel}","templated":true}]}}